{"id":3393,"date":"2025-01-09T09:31:50","date_gmt":"2025-01-09T08:31:50","guid":{"rendered":"https:\/\/sab-bremen.de\/fittings\/sea-water-valves\/"},"modified":"2026-01-08T15:37:22","modified_gmt":"2026-01-08T14:37:22","slug":"sea-water-valves","status":"publish","type":"page","link":"https:\/\/sab-bremen.de\/en\/fittings\/sea-water-valves\/","title":{"rendered":"Sea Water Valves"},"content":{"rendered":"<section class=\"l-section wpb_row height_auto width_full parallax_fixed\"><div class=\"l-section-h i-cf\"><div class=\"g-cols vc_row via_grid cols_1 laptops-cols_inherit tablets-cols_inherit mobiles-cols_1 valign_bottom type_default stacking_default\" style=\"--columns-gap:0rem;\"><div class=\"wpb_column vc_column_container headerText\"><div class=\"vc_column-inner\"><div class=\"w-image align_none\"><div class=\"w-image-h\"><img decoding=\"async\" width=\"2560\" height=\"720\" src=\"https:\/\/sab-bremen.de\/wp-content\/uploads\/2025\/01\/2oio6w82-1.jpg\" class=\"attachment-full size-full\" alt=\"Verschiedene Seewasserarmaturen, freigestellt, vor verschwommenem Hintergrund\" loading=\"lazy\" srcset=\"https:\/\/sab-bremen.de\/wp-content\/uploads\/2025\/01\/2oio6w82-1.jpg 2560w, https:\/\/sab-bremen.de\/wp-content\/uploads\/2025\/01\/2oio6w82-1-300x84.jpg 300w, https:\/\/sab-bremen.de\/wp-content\/uploads\/2025\/01\/2oio6w82-1-1024x288.jpg 1024w, https:\/\/sab-bremen.de\/wp-content\/uploads\/2025\/01\/2oio6w82-1-450x127.jpg 450w, https:\/\/sab-bremen.de\/wp-content\/uploads\/2025\/01\/2oio6w82-1-600x169.jpg 600w\" sizes=\"auto, (max-width: 2560px) 100vw, 2560px\" \/><\/div><\/div><\/div><\/div><\/div><\/div><\/section><!-- Row Backgrounds --><div class=\"upb_color\" data-bg-override=\"0\" data-bg-color=\"#FFFFFF\" data-fadeout=\"\" data-fadeout-percentage=\"30\" data-parallax-content=\"parallax_content_value\" data-parallax-content-sense=\"50\" data-row-effect-mobile-disable=\"true\" data-img-parallax-mobile-disable=\"true\" data-rtl=\"false\"  data-custom-vc-row=\"\"  data-vc=\"8.7.2\"  data-is_old_vc=\"\"  data-theme-support=\"\"   data-overlay=\"false\" data-overlay-color=\"\" data-overlay-pattern=\"\" data-overlay-pattern-opacity=\"\" data-overlay-pattern-size=\"\"    ><\/div><section class=\"l-section wpb_row us_custom_d2e00dc6 height_medium\"><div class=\"l-section-h i-cf\"><div class=\"g-cols vc_row via_grid cols_1 laptops-cols_inherit tablets-cols_inherit mobiles-cols_1 valign_top type_default stacking_default\"><div class=\"wpb_column vc_column_container\"><div class=\"vc_column-inner\"><nav class=\"g-breadcrumbs us_custom_53b04f7d separator_icon align_none\" itemscope itemtype=\"http:\/\/schema.org\/BreadcrumbList\"><div class=\"g-breadcrumbs-item\" itemscope itemprop=\"itemListElement\" itemtype=\"http:\/\/schema.org\/ListItem\"><a itemprop=\"item\" href=\"https:\/\/sab-bremen.de\/en\/\"><span itemprop=\"name\">Home<\/span><\/a><meta itemprop=\"position\" content=\"1\"\/><\/div><div class=\"g-breadcrumbs-separator\"><i class=\"far fa-angle-right\"><\/i><\/div><div class=\"g-breadcrumbs-item\">Pages<\/div><\/nav><\/div><\/div><\/div><\/div><\/section><section class=\"l-section wpb_row us_custom_cdf14ffd noPaddingTop height_medium\"><div class=\"l-section-h i-cf\"><div class=\"g-cols vc_row via_grid cols_1 laptops-cols_inherit tablets-cols_inherit mobiles-cols_1 valign_top type_default stacking_default\"><div class=\"wpb_column vc_column_container\"><div class=\"vc_column-inner\"><div class=\"g-cols wpb_row via_grid cols_1 laptops-cols_inherit tablets-cols_inherit mobiles-cols_1 valign_top type_default stacking_default\" style=\"--columns-gap:3rem;\"><div class=\"wpb_column vc_column_container\"><div class=\"vc_column-inner\"><div class=\"wpb_text_column us_custom_8f74e794 has_text_color\"><div class=\"wpb_wrapper\"><h1>Sea Water Valves<\/h1>\n<\/div><\/div><\/div><\/div><\/div><div class=\"g-cols wpb_row via_grid cols_1 laptops-cols_inherit tablets-cols_inherit mobiles-cols_1 valign_top type_default stacking_default\" style=\"--columns-gap:3rem;\"><div class=\"wpb_column vc_column_container\"><div class=\"vc_column-inner\"><div class=\"wpb_text_column\"><div class=\"wpb_wrapper\"><p>AB`s seawater valves program cover the whole range required for submarines and surface ships. It includes globe valves, butterfly valves, sight glasses and filter for seawater applications up to DN300 and PN50 according to VG, BS Standards or customized products for submarines.<\/p>\n<\/div><\/div><\/div><\/div><\/div><\/div><\/div><\/div><\/div><\/section><section class=\"l-section wpb_row us_custom_c70c97eb height_medium\"><div class=\"l-section-h i-cf\"><div class=\"g-cols vc_row via_grid cols_1 laptops-cols_inherit tablets-cols_inherit mobiles-cols_1 valign_top type_default stacking_default\"><div class=\"wpb_column vc_column_container\"><div class=\"vc_column-inner\"><div class=\"g-cols wpb_row via_grid cols_2 laptops-cols_inherit tablets-cols_inherit mobiles-cols_1 valign_top type_default stacking_default\" style=\"--columns-gap:3rem;\"><div class=\"wpb_column vc_column_container\"><div class=\"vc_column-inner\"><div class=\"w-image us_custom_8f7b07a9 us_animate_this align_none\"><div class=\"w-image-h\"><img fetchpriority=\"high\" decoding=\"async\" width=\"815\" height=\"500\" src=\"https:\/\/sab-bremen.de\/wp-content\/uploads\/2025\/01\/54myp601-12.jpg\" class=\"attachment-large size-large\" alt=\"Verschiedene Armaturen fuer Ueberwasserschiffe freigestellt vor verschwommenem Hintergrund\" loading=\"eager\" srcset=\"https:\/\/sab-bremen.de\/wp-content\/uploads\/2025\/01\/54myp601-12.jpg 815w, https:\/\/sab-bremen.de\/wp-content\/uploads\/2025\/01\/54myp601-12-300x184.jpg 300w, https:\/\/sab-bremen.de\/wp-content\/uploads\/2025\/01\/54myp601-12-450x276.jpg 450w, https:\/\/sab-bremen.de\/wp-content\/uploads\/2025\/01\/54myp601-12-600x368.jpg 600w\" sizes=\"(max-width: 815px) 100vw, 815px\" \/><\/div><\/div><\/div><\/div><div class=\"wpb_column vc_column_container\"><div class=\"vc_column-inner\"><div class=\"wpb_text_column us_custom_557d1434 headerBreadcrumb has_text_color\"><div class=\"wpb_wrapper\"><p>Sea water valves<\/p>\n<\/div><\/div><div class=\"wpb_text_column\"><div class=\"wpb_wrapper\"><h2><span>For Surface Ships<\/span><\/h2>\n<\/div><\/div><div class=\"wpb_text_column\"><div class=\"wpb_wrapper\"><p>SAB`s seawater valves program covers the whole range required for surface ships. It includes globe valves, butterfly valves (also available as double excentric valves), sight classes and filters for seawater applications up to DN300 and PN16 according to VG-, BS \u2013 standards. We are a member of the German standardization board for navy valves, a committee of experts which ensures the compliance of these valves with navy requirements. All valves are available with shock proved electrical, hydraulic or pneumatic actuators for remote control. Globe valves and butterfly valves according to the Naval Engineering Standard (NES) and according to DIN are also in our scope of supply.<\/p>\n<\/div><\/div><div class=\"w-btn-wrapper align_left\"><a class=\"w-btn us-btn-style_1 us_custom_557d1434 has_text_color icon_atright\" href=\"ueberwasserschiffe\"><span class=\"w-btn-label\">Learn more<\/span><i class=\"material-icons\">call_made<\/i><\/a><\/div><\/div><\/div><\/div><\/div><\/div><\/div><\/div><\/section><section class=\"l-section wpb_row height_medium\"><div class=\"l-section-h i-cf\"><div class=\"g-cols vc_row via_grid cols_2 laptops-cols_inherit tablets-cols_inherit mobiles-cols_1 valign_top type_default reversed stacking_default\"><div class=\"wpb_column vc_column_container\"><div class=\"vc_column-inner\"><div class=\"wpb_text_column us_custom_557d1434 headerBreadcrumb has_text_color\"><div class=\"wpb_wrapper\"><p>Sea water valves<\/p>\n<\/div><\/div><div class=\"wpb_text_column\"><div class=\"wpb_wrapper\"><h2>For Submarines<\/h2>\n<\/div><\/div><div class=\"wpb_text_column\"><div class=\"wpb_wrapper\"><p>SAB produces and develop submarine approved valves for seawater use up to DN200 and PN50. They can be actuated manually or by shock approved hydraulic, pneumatic or electrical actuators with manual override. All valves are shock approved and meet all requirements for submarine valves.<\/p>\n<\/div><\/div><div class=\"w-btn-wrapper align_left\"><a class=\"w-btn us-btn-style_1 icon_atright\" href=\"https:\/\/sab-bremen.de\/en\/fittings\/sea-water-valves\/sea-water-valves-for-submarines\/\"><span class=\"w-btn-label\">Learn more<\/span><i class=\"material-icons\">call_made<\/i><\/a><\/div><\/div><\/div><div class=\"wpb_column vc_column_container\"><div class=\"vc_column-inner\"><div class=\"w-image us_custom_ff13c409 us_animate_this align_none\"><div class=\"w-image-h\"><img decoding=\"async\" width=\"815\" height=\"500\" src=\"https:\/\/sab-bremen.de\/wp-content\/uploads\/2025\/01\/54myp601-13.jpg\" class=\"attachment-large size-large\" alt=\"Verschiedene Armaturen fuer U-Boote freigestellt vor verschwommenem Hintergrund\" loading=\"eager\" srcset=\"https:\/\/sab-bremen.de\/wp-content\/uploads\/2025\/01\/54myp601-13.jpg 815w, https:\/\/sab-bremen.de\/wp-content\/uploads\/2025\/01\/54myp601-13-300x184.jpg 300w, https:\/\/sab-bremen.de\/wp-content\/uploads\/2025\/01\/54myp601-13-450x276.jpg 450w, https:\/\/sab-bremen.de\/wp-content\/uploads\/2025\/01\/54myp601-13-600x368.jpg 600w\" sizes=\"(max-width: 815px) 100vw, 815px\" \/><\/div><\/div><\/div><\/div><\/div><\/div><\/section><section class=\"l-section wpb_row us_custom_c70c97eb height_medium\"><div class=\"l-section-h i-cf\"><div class=\"g-cols vc_row via_grid cols_1 laptops-cols_inherit tablets-cols_inherit mobiles-cols_1 valign_top type_default stacking_default\"><div class=\"wpb_column vc_column_container\"><div class=\"vc_column-inner\"><div class=\"g-cols wpb_row via_grid cols_2 laptops-cols_inherit tablets-cols_inherit mobiles-cols_1 valign_top type_default stacking_default\" style=\"--columns-gap:3rem;\"><div class=\"wpb_column vc_column_container\"><div class=\"vc_column-inner\"><div class=\"w-image us_custom_8f7b07a9 us_animate_this align_none\"><div class=\"w-image-h\"><img decoding=\"async\" width=\"815\" height=\"500\" src=\"https:\/\/sab-bremen.de\/wp-content\/uploads\/2025\/01\/54myp601-14.jpg\" class=\"attachment-large size-large\" alt=\"Decksverschraubung zur Ver- und Entsorgung freigestellt vor verschwommenem Hintergrund\" loading=\"eager\" srcset=\"https:\/\/sab-bremen.de\/wp-content\/uploads\/2025\/01\/54myp601-14.jpg 815w, https:\/\/sab-bremen.de\/wp-content\/uploads\/2025\/01\/54myp601-14-300x184.jpg 300w, https:\/\/sab-bremen.de\/wp-content\/uploads\/2025\/01\/54myp601-14-450x276.jpg 450w, https:\/\/sab-bremen.de\/wp-content\/uploads\/2025\/01\/54myp601-14-600x368.jpg 600w\" sizes=\"(max-width: 815px) 100vw, 815px\" \/><\/div><\/div><\/div><\/div><div class=\"wpb_column vc_column_container\"><div class=\"vc_column-inner\"><div class=\"wpb_text_column us_custom_557d1434 headerBreadcrumb has_text_color\"><div class=\"wpb_wrapper\"><p>Sea water valves<\/p>\n<\/div><\/div><div class=\"wpb_text_column\"><div class=\"wpb_wrapper\"><h2>Takeover and Disposal<\/h2>\n<\/div><\/div><div class=\"wpb_text_column\"><div class=\"wpb_wrapper\"><p>Sea water valves for takeover and disposal<br \/>SAB supplies a wide range of deck plugs, deck connections, bend-overs and venting devices for supply and discharge of different media. Our deck plugs are used to supply fresh water, fuel, lubrication oil, soda lime or any other necessary goods to the right tank or for the disposal of grey and black water to shore.SAB hat ein gro\u00dfes Sortiment an Decksverschraubungen, Deckanschl\u00fcssen, \u00dcbergabe- und Entl\u00fcftungsapparaten f\u00fcr die Ver- und Entsorgung diverser Medien. Unsere Deckanschl\u00fcsse sind f\u00fcr die Versorgung mit Frischwasser, Brennstoffen, Atemkalk oder auch f\u00fcr alle anderen ben\u00f6tigten G\u00fcter\/ Medien oder aber auch f\u00fcr die Entsorgung von Schmutz- und Brauchwasser im Hafen geeignet.<\/p>\n<\/div><\/div><div class=\"w-btn-wrapper align_left\"><a class=\"w-btn us-btn-style_1 us_custom_557d1434 has_text_color icon_atright\" href=\"https:\/\/sab-bremen.de\/en\/fittings\/sea-water-valves\/takeover-and-disposal\/\"><span class=\"w-btn-label\">Learn more<\/span><i class=\"material-icons\">call_made<\/i><\/a><\/div><\/div><\/div><\/div><\/div><\/div><\/div><\/div><\/section><section class=\"l-section wpb_row height_medium\"><div class=\"l-section-h i-cf\"><div class=\"g-cols vc_row via_grid cols_2 laptops-cols_inherit tablets-cols_inherit mobiles-cols_1 valign_top type_default reversed stacking_default\"><div class=\"wpb_column vc_column_container\"><div class=\"vc_column-inner\"><div class=\"wpb_text_column us_custom_557d1434 headerBreadcrumb has_text_color\"><div class=\"wpb_wrapper\"><p>Sea water valves<\/p>\n<\/div><\/div><div class=\"wpb_text_column\"><div class=\"wpb_wrapper\"><h2>Sea Water Valves and Parts<\/h2>\n<\/div><\/div><div class=\"wpb_text_column\"><div class=\"wpb_wrapper\"><p>SAB provides a full range of hand wheels, hand cranks, compensators and fittings with full certification and in use on submarines and navy ships worldwide.Die Georg Sch\u00fcnemann GmbH f\u00fchrt ein umfassendes Programm von Handhebeln, Handr\u00e4dern, Handkurbeln, Kompensatoren und Fittings, die alle ben\u00f6tigten Zertifikate besitzen und auf vielen Marineschiffen und U-Booten weltweit in Gebrauch sind.<\/p>\n<\/div><\/div><div class=\"w-btn-wrapper align_left\"><a class=\"w-btn us-btn-style_1 icon_atright\" href=\"https:\/\/sab-bremen.de\/en\/fittings\/sea-water-valves\/sea-water-valves-and-parts\/\"><span class=\"w-btn-label\">Learn more<\/span><i class=\"material-icons\">call_made<\/i><\/a><\/div><\/div><\/div><div class=\"wpb_column vc_column_container\"><div class=\"vc_column-inner\"><div class=\"w-image us_custom_ff13c409 us_animate_this align_none\"><div class=\"w-image-h\"><img decoding=\"async\" width=\"815\" height=\"500\" src=\"https:\/\/sab-bremen.de\/wp-content\/uploads\/2025\/01\/54myp601-15.jpg\" class=\"attachment-large size-large\" alt=\"Zwei Seewasserarmaturen freigestellt vor verschwommenem Hintergrund\" loading=\"eager\" srcset=\"https:\/\/sab-bremen.de\/wp-content\/uploads\/2025\/01\/54myp601-15.jpg 815w, https:\/\/sab-bremen.de\/wp-content\/uploads\/2025\/01\/54myp601-15-300x184.jpg 300w, https:\/\/sab-bremen.de\/wp-content\/uploads\/2025\/01\/54myp601-15-450x276.jpg 450w, https:\/\/sab-bremen.de\/wp-content\/uploads\/2025\/01\/54myp601-15-600x368.jpg 600w\" sizes=\"(max-width: 815px) 100vw, 815px\" \/><\/div><\/div><\/div><\/div><\/div><\/div><\/section><section class=\"l-section wpb_row height_medium color_alternate\" id=\"Ansprech_Kont\"><div class=\"l-section-h i-cf\"><div class=\"g-cols vc_row via_grid cols_1 laptops-cols_inherit tablets-cols_inherit mobiles-cols_1 valign_top type_default stacking_default\"><div class=\"wpb_column vc_column_container\"><div class=\"vc_column-inner\"><div class=\"w-hwrapper us_custom_a840e796 valign_top stack_on_mobiles align_justify\" style=\"--hwrapper-gap:0.4rem\"><div class=\"w-vwrapper us_custom_e1d3d2ce align_left valign_top\" style=\"--vwrapper-gap:0.5rem\"><div class=\"wpb_text_column us_custom_836f727b has_text_color\"><div class=\"wpb_wrapper\"><h2>Do you have any further questions?<\/h2>\n<\/div><\/div><div class=\"wpb_text_column us_custom_836f727b has_text_color\"><div class=\"wpb_wrapper\"><p>Contact us! Our team is always available to answer your questions quickly and easily. We look forward to hearing from you!<\/p>\n<\/div><\/div><\/div><div class=\"w-vwrapper us_custom_0601bf3b align_left valign_top\" style=\"--vwrapper-gap:0.50rem\"><div class='contacts-container'><div class='contact-card'><img loading=\"lazy\" decoding=\"async\" width=\"150\" height=\"150\" src=\"https:\/\/sab-bremen.de\/wp-content\/uploads\/2025\/02\/kmenq5dc-14.jpg\" class=\"attachment-thumbnail size-thumbnail\" alt=\"Foto von Vanessa Tietje\" \/><div class='Mail_Phone'><p><b>Vanessa Tietje<\/b><br><i class='fal fa-phone-alt'><\/i>&nbsp;<a href='TEL:+49 421-55909-33'>+49 421-55909-33<\/a><br><i class='fal fa-envelope'><\/i>&nbsp;<a href='mailto:tietje@sab-bremen.de'>tietje@sab-bremen.de<\/a><\/p><\/div><\/div><div class='contact-card'><img loading=\"lazy\" decoding=\"async\" width=\"150\" height=\"150\" src=\"https:\/\/sab-bremen.de\/wp-content\/uploads\/2025\/02\/kmenq5dc-16.jpg\" class=\"attachment-thumbnail size-thumbnail\" alt=\"Foto von Christian Viertel\" \/><div class='Mail_Phone'><p><b>Christian Viertel<\/b><br><i class='fal fa-phone-alt'><\/i>&nbsp;<a href='TEL:+49 421-55909-0'>+49 421-55909-0<\/a><br><i class='fal fa-envelope'><\/i>&nbsp;<a href='mailto:viertel@sab-bremen.de'>viertel@sab-bremen.de<\/a><\/p><\/div><\/div><div class='contact-card'><img loading=\"lazy\" decoding=\"async\" width=\"150\" height=\"150\" src=\"https:\/\/sab-bremen.de\/wp-content\/uploads\/2025\/01\/kmenq5dc-15-150x150.jpg\" class=\"attachment-thumbnail size-thumbnail\" alt=\"Foto von Daniel Nagel\" \/><div class='Mail_Phone'><p><b>Daniel Nagel<\/b><br><i class='fal fa-phone-alt'><\/i>&nbsp;<a href='TEL:+49 421-55909-24'>+49 421-55909-24<\/a><br><i class='fal fa-envelope'><\/i>&nbsp;<a href='mailto:nagel@sab-bremen.de'>nagel@sab-bremen.de<\/a><\/p><\/div><\/div><\/div>[vc_raw_html]PGRpdiBjbGFzcz0iY29udGFjdC1idXR0b24iPgogICAgPGEgaHJlZj0iI0Fuc3ByZWNoX0tvbnQiPjxpbWcgc3JjPSJodHRwOi8vc2FiLWJyZW1lbi5wbGlldHNjaC1kZXYuZGUvd3AtY29udGVudC91cGxvYWRzLzIwMjUvMDEvbWFpbC5zdmciIHN0eWxlPSJib3JkZXItcmFkaXVzOjBweCAhaW1wb3J0YW50OyI+PC9hPgo8L2Rpdj4=[\/vc_raw_html]<\/div><\/div><\/div><\/div><\/div><\/div><\/section><!-- Row Backgrounds --><div class=\"upb_grad\" data-grad=\"background: -webkit-gradient(linear, left top, left bottom, color-stop(0%, #FFFFFF), color-stop(60%, #FFFFFF), color-stop(60%, #ECF6F6), color-stop(100%, #ECF6F6));background: -moz-linear-gradient(top,#FFFFFF 0%,#FFFFFF 60%,#ECF6F6 60%,#ECF6F6 100%);background: -webkit-linear-gradient(top,#FFFFFF 0%,#FFFFFF 60%,#ECF6F6 60%,#ECF6F6 100%);background: -o-linear-gradient(top,#FFFFFF 0%,#FFFFFF 60%,#ECF6F6 60%,#ECF6F6 100%);background: -ms-linear-gradient(top,#FFFFFF 0%,#FFFFFF 60%,#ECF6F6 60%,#ECF6F6 100%);background: linear-gradient(top,#FFFFFF 0%,#FFFFFF 60%,#ECF6F6 60%,#ECF6F6 100%);\" data-bg-override=\"0\" data-upb-overlay-color=\"\" data-upb-bg-animation=\"\" data-fadeout=\"\" data-fadeout-percentage=\"30\" data-parallax-content=\"\" data-parallax-content-sense=\"30\" data-row-effect-mobile-disable=\"true\" data-img-parallax-mobile-disable=\"true\" data-rtl=\"false\"  data-custom-vc-row=\"\"  data-vc=\"8.7.2\"  data-is_old_vc=\"\"  data-theme-support=\"\"   data-overlay=\"false\" data-overlay-color=\"\" data-overlay-pattern=\"\" data-overlay-pattern-opacity=\"\" data-overlay-pattern-size=\"\"    ><\/div>\n\n","protected":false},"excerpt":{"rendered":"HomePagesSea Water Valves AB`s seawater valves program cover the whole range required for submarines and surface ships. It includes globe valves, butterfly valves, sight glasses and filter for seawater applications up to DN300 and PN50 according to VG, BS Standards or customized products for submarines. Sea water valves For Surface Ships SAB`s seawater valves program...","protected":false},"author":1,"featured_media":0,"parent":2848,"menu_order":0,"comment_status":"closed","ping_status":"closed","template":"","meta":{"_acf_changed":false,"inline_featured_image":false,"footnotes":""},"class_list":["post-3393","page","type-page","status-publish","hentry"],"acf":[],"yoast_head":"<!-- This site is optimized with the Yoast SEO plugin v27.2 - https:\/\/yoast.com\/product\/yoast-seo-wordpress\/ -->\n<title>SAB-Bremen | Sea Water Valves<\/title>\n<meta name=\"description\" content=\"SAB\u2019s seawater valves program for submarines and surface ships: globe valves, butterfly valves, sight glasses and filters.\" \/>\n<meta name=\"robots\" content=\"index, follow, max-snippet:-1, max-image-preview:large, max-video-preview:-1\" \/>\n<link rel=\"canonical\" href=\"https:\/\/sab-bremen.de\/en\/fittings\/sea-water-valves\/\" \/>\n<meta property=\"og:locale\" content=\"en_US\" \/>\n<meta property=\"og:type\" content=\"article\" \/>\n<meta property=\"og:title\" content=\"SAB-Bremen | Sea Water Valves\" \/>\n<meta property=\"og:description\" content=\"SAB\u2019s seawater valves program for submarines and surface ships: globe valves, butterfly valves, sight glasses and filters.\" \/>\n<meta property=\"og:url\" content=\"https:\/\/sab-bremen.de\/en\/fittings\/sea-water-valves\/\" \/>\n<meta property=\"og:site_name\" content=\"SAB-Bremen | Georg Sch\u00fcnemann GmbH\" \/>\n<meta property=\"article:modified_time\" content=\"2026-01-08T14:37:22+00:00\" \/>\n<meta name=\"twitter:card\" content=\"summary_large_image\" \/>\n<meta name=\"twitter:label1\" content=\"Est. reading time\" \/>\n\t<meta name=\"twitter:data1\" content=\"6 minutes\" \/>\n<script type=\"application\/ld+json\" class=\"yoast-schema-graph\">{\"@context\":\"https:\/\/schema.org\",\"@graph\":[{\"@type\":\"WebPage\",\"@id\":\"https:\/\/sab-bremen.de\/en\/fittings\/sea-water-valves\/\",\"url\":\"https:\/\/sab-bremen.de\/en\/fittings\/sea-water-valves\/\",\"name\":\"SAB-Bremen | Sea Water Valves\",\"isPartOf\":{\"@id\":\"https:\/\/sab-bremen.de\/#website\"},\"datePublished\":\"2025-01-09T08:31:50+00:00\",\"dateModified\":\"2026-01-08T14:37:22+00:00\",\"description\":\"SAB\u2019s seawater valves program for submarines and surface ships: globe valves, butterfly valves, sight glasses and filters.\",\"breadcrumb\":{\"@id\":\"https:\/\/sab-bremen.de\/en\/fittings\/sea-water-valves\/#breadcrumb\"},\"inLanguage\":\"en-US\",\"potentialAction\":[{\"@type\":\"ReadAction\",\"target\":[\"https:\/\/sab-bremen.de\/en\/fittings\/sea-water-valves\/\"]}]},{\"@type\":\"BreadcrumbList\",\"@id\":\"https:\/\/sab-bremen.de\/en\/fittings\/sea-water-valves\/#breadcrumb\",\"itemListElement\":[{\"@type\":\"ListItem\",\"position\":1,\"name\":\"Startseite\",\"item\":\"https:\/\/sab-bremen.de\/en\/home-page\/\"},{\"@type\":\"ListItem\",\"position\":2,\"name\":\"Valves\",\"item\":\"https:\/\/sab-bremen.de\/en\/fittings\/\"},{\"@type\":\"ListItem\",\"position\":3,\"name\":\"Sea Water Valves\"}]},{\"@type\":\"WebSite\",\"@id\":\"https:\/\/sab-bremen.de\/#website\",\"url\":\"https:\/\/sab-bremen.de\/\",\"name\":\"SAB-Bremen | Georg Sch\u00fcnemann GmbH\",\"description\":\"\",\"potentialAction\":[{\"@type\":\"SearchAction\",\"target\":{\"@type\":\"EntryPoint\",\"urlTemplate\":\"https:\/\/sab-bremen.de\/?s={search_term_string}\"},\"query-input\":{\"@type\":\"PropertyValueSpecification\",\"valueRequired\":true,\"valueName\":\"search_term_string\"}}],\"inLanguage\":\"en-US\"}]}<\/script>\n<!-- \/ Yoast SEO plugin. -->","yoast_head_json":{"title":"SAB-Bremen | Sea Water Valves","description":"SAB\u2019s seawater valves program for submarines and surface ships: globe valves, butterfly valves, sight glasses and filters.","robots":{"index":"index","follow":"follow","max-snippet":"max-snippet:-1","max-image-preview":"max-image-preview:large","max-video-preview":"max-video-preview:-1"},"canonical":"https:\/\/sab-bremen.de\/en\/fittings\/sea-water-valves\/","og_locale":"en_US","og_type":"article","og_title":"SAB-Bremen | Sea Water Valves","og_description":"SAB\u2019s seawater valves program for submarines and surface ships: globe valves, butterfly valves, sight glasses and filters.","og_url":"https:\/\/sab-bremen.de\/en\/fittings\/sea-water-valves\/","og_site_name":"SAB-Bremen | Georg Sch\u00fcnemann GmbH","article_modified_time":"2026-01-08T14:37:22+00:00","twitter_card":"summary_large_image","twitter_misc":{"Est. reading time":"6 minutes"},"schema":{"@context":"https:\/\/schema.org","@graph":[{"@type":"WebPage","@id":"https:\/\/sab-bremen.de\/en\/fittings\/sea-water-valves\/","url":"https:\/\/sab-bremen.de\/en\/fittings\/sea-water-valves\/","name":"SAB-Bremen | Sea Water Valves","isPartOf":{"@id":"https:\/\/sab-bremen.de\/#website"},"datePublished":"2025-01-09T08:31:50+00:00","dateModified":"2026-01-08T14:37:22+00:00","description":"SAB\u2019s seawater valves program for submarines and surface ships: globe valves, butterfly valves, sight glasses and filters.","breadcrumb":{"@id":"https:\/\/sab-bremen.de\/en\/fittings\/sea-water-valves\/#breadcrumb"},"inLanguage":"en-US","potentialAction":[{"@type":"ReadAction","target":["https:\/\/sab-bremen.de\/en\/fittings\/sea-water-valves\/"]}]},{"@type":"BreadcrumbList","@id":"https:\/\/sab-bremen.de\/en\/fittings\/sea-water-valves\/#breadcrumb","itemListElement":[{"@type":"ListItem","position":1,"name":"Startseite","item":"https:\/\/sab-bremen.de\/en\/home-page\/"},{"@type":"ListItem","position":2,"name":"Valves","item":"https:\/\/sab-bremen.de\/en\/fittings\/"},{"@type":"ListItem","position":3,"name":"Sea Water Valves"}]},{"@type":"WebSite","@id":"https:\/\/sab-bremen.de\/#website","url":"https:\/\/sab-bremen.de\/","name":"SAB-Bremen | Georg Sch\u00fcnemann GmbH","description":"","potentialAction":[{"@type":"SearchAction","target":{"@type":"EntryPoint","urlTemplate":"https:\/\/sab-bremen.de\/?s={search_term_string}"},"query-input":{"@type":"PropertyValueSpecification","valueRequired":true,"valueName":"search_term_string"}}],"inLanguage":"en-US"}]}},"_links":{"self":[{"href":"https:\/\/sab-bremen.de\/en\/wp-json\/wp\/v2\/pages\/3393","targetHints":{"allow":["GET"]}}],"collection":[{"href":"https:\/\/sab-bremen.de\/en\/wp-json\/wp\/v2\/pages"}],"about":[{"href":"https:\/\/sab-bremen.de\/en\/wp-json\/wp\/v2\/types\/page"}],"author":[{"embeddable":true,"href":"https:\/\/sab-bremen.de\/en\/wp-json\/wp\/v2\/users\/1"}],"replies":[{"embeddable":true,"href":"https:\/\/sab-bremen.de\/en\/wp-json\/wp\/v2\/comments?post=3393"}],"version-history":[{"count":25,"href":"https:\/\/sab-bremen.de\/en\/wp-json\/wp\/v2\/pages\/3393\/revisions"}],"predecessor-version":[{"id":6124,"href":"https:\/\/sab-bremen.de\/en\/wp-json\/wp\/v2\/pages\/3393\/revisions\/6124"}],"up":[{"embeddable":true,"href":"https:\/\/sab-bremen.de\/en\/wp-json\/wp\/v2\/pages\/2848"}],"wp:attachment":[{"href":"https:\/\/sab-bremen.de\/en\/wp-json\/wp\/v2\/media?parent=3393"}],"curies":[{"name":"wp","href":"https:\/\/api.w.org\/{rel}","templated":true}]}}