{"id":3469,"date":"2025-01-09T09:55:57","date_gmt":"2025-01-09T08:55:57","guid":{"rendered":"https:\/\/sab-bremen.de\/fittings\/distributor\/"},"modified":"2026-01-08T15:53:20","modified_gmt":"2026-01-08T14:53:20","slug":"distributor","status":"publish","type":"page","link":"https:\/\/sab-bremen.de\/en\/fittings\/distributor\/","title":{"rendered":"Mainfolds"},"content":{"rendered":"<section class=\"l-section wpb_row height_auto width_full parallax_fixed\"><div class=\"l-section-h i-cf\"><div class=\"g-cols vc_row via_grid cols_1 laptops-cols_inherit tablets-cols_inherit mobiles-cols_1 valign_bottom type_default stacking_default\" style=\"--columns-gap:0rem;\"><div class=\"wpb_column vc_column_container headerText\"><div class=\"vc_column-inner\"><div class=\"w-image align_none\"><div class=\"w-image-h\"><img decoding=\"async\" width=\"2560\" height=\"720\" src=\"https:\/\/sab-bremen.de\/wp-content\/uploads\/2025\/01\/2q124u3i-1.jpg\" class=\"attachment-full size-full\" alt=\"Zwei Hochdruckverteiler, freigestellt vor verschwommenem Hintergrund\" loading=\"lazy\" srcset=\"https:\/\/sab-bremen.de\/wp-content\/uploads\/2025\/01\/2q124u3i-1.jpg 2560w, https:\/\/sab-bremen.de\/wp-content\/uploads\/2025\/01\/2q124u3i-1-300x84.jpg 300w, https:\/\/sab-bremen.de\/wp-content\/uploads\/2025\/01\/2q124u3i-1-1024x288.jpg 1024w, https:\/\/sab-bremen.de\/wp-content\/uploads\/2025\/01\/2q124u3i-1-450x127.jpg 450w, https:\/\/sab-bremen.de\/wp-content\/uploads\/2025\/01\/2q124u3i-1-600x169.jpg 600w\" sizes=\"auto, (max-width: 2560px) 100vw, 2560px\" \/><\/div><\/div><\/div><\/div><\/div><\/div><\/section><!-- Row Backgrounds --><div class=\"upb_color\" data-bg-override=\"0\" data-bg-color=\"#FFFFFF\" data-fadeout=\"\" data-fadeout-percentage=\"30\" data-parallax-content=\"parallax_content_value\" data-parallax-content-sense=\"50\" data-row-effect-mobile-disable=\"true\" data-img-parallax-mobile-disable=\"true\" data-rtl=\"false\"  data-custom-vc-row=\"\"  data-vc=\"8.7.2\"  data-is_old_vc=\"\"  data-theme-support=\"\"   data-overlay=\"false\" data-overlay-color=\"\" data-overlay-pattern=\"\" data-overlay-pattern-opacity=\"\" data-overlay-pattern-size=\"\"    ><\/div><section class=\"l-section wpb_row us_custom_d2e00dc6 height_medium\"><div class=\"l-section-h i-cf\"><div class=\"g-cols vc_row via_grid cols_1 laptops-cols_inherit tablets-cols_inherit mobiles-cols_1 valign_top type_default stacking_default\"><div class=\"wpb_column vc_column_container\"><div class=\"vc_column-inner\"><nav class=\"g-breadcrumbs us_custom_53b04f7d separator_icon align_none\" itemscope itemtype=\"http:\/\/schema.org\/BreadcrumbList\"><div class=\"g-breadcrumbs-item\" itemscope itemprop=\"itemListElement\" itemtype=\"http:\/\/schema.org\/ListItem\"><a itemprop=\"item\" href=\"https:\/\/sab-bremen.de\/en\/\"><span itemprop=\"name\">Home<\/span><\/a><meta itemprop=\"position\" content=\"1\"\/><\/div><div class=\"g-breadcrumbs-separator\"><i class=\"far fa-angle-right\"><\/i><\/div><div class=\"g-breadcrumbs-item\">Pages<\/div><\/nav><\/div><\/div><\/div><\/div><\/section><section class=\"l-section wpb_row us_custom_cdf14ffd noPaddingTop height_medium\"><div class=\"l-section-h i-cf\"><div class=\"g-cols vc_row via_grid cols_1 laptops-cols_inherit tablets-cols_inherit mobiles-cols_1 valign_top type_default stacking_default\"><div class=\"wpb_column vc_column_container\"><div class=\"vc_column-inner\"><div class=\"g-cols wpb_row via_grid cols_1 laptops-cols_inherit tablets-cols_inherit mobiles-cols_1 valign_top type_default stacking_default\" style=\"--columns-gap:3rem;\"><div class=\"wpb_column vc_column_container\"><div class=\"vc_column-inner\"><div class=\"wpb_text_column us_custom_8f74e794 has_text_color\"><div class=\"wpb_wrapper\"><h1>Manifolds<\/h1>\n<\/div><\/div><\/div><\/div><\/div><div class=\"g-cols wpb_row via_grid cols_1 laptops-cols_inherit tablets-cols_inherit mobiles-cols_1 valign_top type_default stacking_default\" style=\"--columns-gap:3rem;\"><div class=\"wpb_column vc_column_container\"><div class=\"vc_column-inner\"><div class=\"wpb_text_column\"><div class=\"wpb_wrapper\"><p>SAB\u2019s manifolds are 100% custom made according to the specifications. They can be equipped with any SAB standard or custom made cartridge valve and actuated manually, hydraulically, pneumatically or electronically to suit the functions needed. Monogas and\/or gas mixtures can be filled with the multifunction valve (MFV).<\/p>\n<\/div><\/div><\/div><\/div><\/div><\/div><\/div><\/div><\/div><\/section><section class=\"l-section wpb_row us_custom_c70c97eb height_medium\"><div class=\"l-section-h i-cf\"><div class=\"g-cols vc_row via_grid cols_1 laptops-cols_inherit tablets-cols_inherit mobiles-cols_1 valign_top type_default stacking_default\"><div class=\"wpb_column vc_column_container\"><div class=\"vc_column-inner\"><div class=\"g-cols wpb_row via_grid cols_2 laptops-cols_inherit tablets-cols_inherit mobiles-cols_1 valign_top type_default stacking_default\" style=\"--columns-gap:3rem;\"><div class=\"wpb_column vc_column_container\"><div class=\"vc_column-inner\"><div class=\"w-image us_custom_8f7b07a9 us_animate_this align_none\"><div class=\"w-image-h\"><img fetchpriority=\"high\" decoding=\"async\" width=\"815\" height=\"500\" src=\"https:\/\/sab-bremen.de\/wp-content\/uploads\/2025\/01\/54myp601-19.jpg\" class=\"attachment-large size-large\" alt=\"Zwei Multifunktionsventile, freigestellt vor verschwommenem Hintergrund\" loading=\"eager\" srcset=\"https:\/\/sab-bremen.de\/wp-content\/uploads\/2025\/01\/54myp601-19.jpg 815w, https:\/\/sab-bremen.de\/wp-content\/uploads\/2025\/01\/54myp601-19-300x184.jpg 300w, https:\/\/sab-bremen.de\/wp-content\/uploads\/2025\/01\/54myp601-19-450x276.jpg 450w, https:\/\/sab-bremen.de\/wp-content\/uploads\/2025\/01\/54myp601-19-600x368.jpg 600w\" sizes=\"(max-width: 815px) 100vw, 815px\" \/><\/div><\/div><\/div><\/div><div class=\"wpb_column vc_column_container\"><div class=\"vc_column-inner\"><div class=\"wpb_text_column us_custom_557d1434 headerBreadcrumb has_text_color\"><div class=\"wpb_wrapper\"><p>Manifolds<\/p>\n<\/div><\/div><div class=\"wpb_text_column\"><div class=\"wpb_wrapper\"><h2><span>Multifunction Valve<br \/>\n<\/span><\/h2>\n<\/div><\/div><div class=\"wpb_text_column\"><div class=\"wpb_wrapper\"><p>The multifunction valve (MFV) can be used to fill mono and\/or mixed gases. Durch die kompakte besondere Modulbauweise lassen sich individuell Ventile f\u00fcr unterschiedliche Kundenw\u00fcnsche herstellen. Das MFV ist speziell f\u00fcr den Gaseinsatz konstruiert und hat eine BAM-Zulassung bis 400 bar f\u00fcr Sauerstoff. (Europ\u00e4isches Patent Nr. 1172590)<\/p>\n<\/div><\/div><div class=\"w-btn-wrapper align_left\"><a class=\"w-btn us-btn-style_1 us_custom_557d1434 has_text_color icon_atright\" href=\"https:\/\/sab-bremen.de\/en\/fittings\/distributor\/multifunction-valve\/\"><span class=\"w-btn-label\">Learn more<\/span><i class=\"material-icons\">call_made<\/i><\/a><\/div><\/div><\/div><\/div><\/div><\/div><\/div><\/div><\/section><section class=\"l-section wpb_row height_medium\"><div class=\"l-section-h i-cf\"><div class=\"g-cols vc_row via_grid cols_2 laptops-cols_inherit tablets-cols_inherit mobiles-cols_1 valign_top type_default reversed stacking_default\"><div class=\"wpb_column vc_column_container\"><div class=\"vc_column-inner\"><div class=\"wpb_text_column us_custom_557d1434 headerBreadcrumb has_text_color\"><div class=\"wpb_wrapper\"><p>Manifolds<\/p>\n<\/div><\/div><div class=\"wpb_text_column\"><div class=\"wpb_wrapper\"><h2><span>Segment Distributors<br \/>\n<\/span><\/h2>\n<\/div><\/div><div class=\"wpb_text_column\"><div class=\"wpb_wrapper\"><p>Segment distributors SAB segment distributors are used for distributing compressed air into several pipelines. They\u2019re advantage is the lower width and weight, their disavantage the cannections points in between the segments. They can be equipped with any SAB cartridge valve and actuated manually, hydraulically, pneumatically or electronically to suit the functions needed. The distributors are assembled ready to connect.<\/p>\n<\/div><\/div><div class=\"w-btn-wrapper align_left\"><a class=\"w-btn us-btn-style_1 icon_atright\" href=\"https:\/\/sab-bremen.de\/en\/fittings\/distributor\/segment-distributors\/\"><span class=\"w-btn-label\">Learn more<\/span><i class=\"material-icons\">call_made<\/i><\/a><\/div><\/div><\/div><div class=\"wpb_column vc_column_container\"><div class=\"vc_column-inner\"><div class=\"w-image us_custom_ff13c409 us_animate_this align_none\"><div class=\"w-image-h\"><img decoding=\"async\" width=\"815\" height=\"500\" src=\"https:\/\/sab-bremen.de\/wp-content\/uploads\/2025\/01\/54myp601-20.jpg\" class=\"attachment-large size-large\" alt=\"Segmentverteiler, freigestellt vor verschwommenem Hintergrund\" loading=\"eager\" srcset=\"https:\/\/sab-bremen.de\/wp-content\/uploads\/2025\/01\/54myp601-20.jpg 815w, https:\/\/sab-bremen.de\/wp-content\/uploads\/2025\/01\/54myp601-20-300x184.jpg 300w, https:\/\/sab-bremen.de\/wp-content\/uploads\/2025\/01\/54myp601-20-450x276.jpg 450w, https:\/\/sab-bremen.de\/wp-content\/uploads\/2025\/01\/54myp601-20-600x368.jpg 600w\" sizes=\"(max-width: 815px) 100vw, 815px\" \/><\/div><\/div><\/div><\/div><\/div><\/div><\/section><section class=\"l-section wpb_row us_custom_c70c97eb height_medium\"><div class=\"l-section-h i-cf\"><div class=\"g-cols vc_row via_grid cols_1 laptops-cols_inherit tablets-cols_inherit mobiles-cols_1 valign_top type_default stacking_default\"><div class=\"wpb_column vc_column_container\"><div class=\"vc_column-inner\"><div class=\"g-cols wpb_row via_grid cols_2 laptops-cols_inherit tablets-cols_inherit mobiles-cols_1 valign_top type_default stacking_default\" style=\"--columns-gap:3rem;\"><div class=\"wpb_column vc_column_container\"><div class=\"vc_column-inner\"><div class=\"w-image us_custom_8f7b07a9 us_animate_this align_none\"><div class=\"w-image-h\"><img decoding=\"async\" width=\"815\" height=\"500\" src=\"https:\/\/sab-bremen.de\/wp-content\/uploads\/2025\/01\/54myp601-21.jpg\" class=\"attachment-large size-large\" alt=\"Blockverteiler, freigestellt vor verschwommenem Hintergrund\" loading=\"eager\" srcset=\"https:\/\/sab-bremen.de\/wp-content\/uploads\/2025\/01\/54myp601-21.jpg 815w, https:\/\/sab-bremen.de\/wp-content\/uploads\/2025\/01\/54myp601-21-300x184.jpg 300w, https:\/\/sab-bremen.de\/wp-content\/uploads\/2025\/01\/54myp601-21-450x276.jpg 450w, https:\/\/sab-bremen.de\/wp-content\/uploads\/2025\/01\/54myp601-21-600x368.jpg 600w\" sizes=\"(max-width: 815px) 100vw, 815px\" \/><\/div><\/div><\/div><\/div><div class=\"wpb_column vc_column_container\"><div class=\"vc_column-inner\"><div class=\"wpb_text_column us_custom_557d1434 headerBreadcrumb has_text_color\"><div class=\"wpb_wrapper\"><p>Manifolds<\/p>\n<\/div><\/div><div class=\"wpb_text_column\"><div class=\"wpb_wrapper\"><h2>Block Distributors<\/h2>\n<\/div><\/div><div class=\"wpb_text_column\"><div class=\"wpb_wrapper\"><p>All cartridges are insertet into one block casing. They can be equipped with any SAB standard or custom made cartridge valve and actuated manually, hydraulically, pneumatically or electronically to suit the functions needed SAB bottle head assemblies are fitted directly to gas cylinders.<\/p>\n<\/div><\/div><div class=\"w-btn-wrapper align_left\"><a class=\"w-btn us-btn-style_1 us_custom_557d1434 has_text_color icon_atright\" href=\"https:\/\/sab-bremen.de\/en\/fittings\/distributor\/block-distributors\/\"><span class=\"w-btn-label\">Learn more<\/span><i class=\"material-icons\">call_made<\/i><\/a><\/div><\/div><\/div><\/div><\/div><\/div><\/div><\/div><\/section><section class=\"l-section wpb_row height_medium color_alternate\" id=\"Ansprech_Kont\"><div class=\"l-section-h i-cf\"><div class=\"g-cols vc_row via_grid cols_1 laptops-cols_inherit tablets-cols_inherit mobiles-cols_1 valign_top type_default stacking_default\"><div class=\"wpb_column vc_column_container\"><div class=\"vc_column-inner\"><div class=\"w-hwrapper us_custom_bf618a18 valign_top stack_on_mobiles align_justify\" style=\"--hwrapper-gap:0.4rem\"><div class=\"w-vwrapper us_custom_26c43283 align_left valign_top\" style=\"--vwrapper-gap:0.5rem\"><div class=\"wpb_text_column us_custom_836f727b has_text_color\"><div class=\"wpb_wrapper\"><h2>Do you have any further questions?<\/h2>\n<\/div><\/div><div class=\"wpb_text_column us_custom_836f727b has_text_color\"><div class=\"wpb_wrapper\"><p>Our team is always available to answer your questions quickly and easily.<\/p>\n<\/div><\/div><\/div><div class=\"w-vwrapper us_custom_0601bf3b align_left valign_top\" style=\"--vwrapper-gap:0.50rem\"><div class='contacts-container'><div class='contact-card'><img loading=\"lazy\" decoding=\"async\" width=\"150\" height=\"150\" src=\"https:\/\/sab-bremen.de\/wp-content\/uploads\/2025\/02\/kmenq5dc-14.jpg\" class=\"attachment-thumbnail size-thumbnail\" alt=\"Foto von Vanessa Tietje\" \/><div class='Mail_Phone'><p><b>Vanessa Tietje<\/b><br><i class='fal fa-phone-alt'><\/i>&nbsp;<a href='TEL:+49 421-55909-33'>+49 421-55909-33<\/a><br><i class='fal fa-envelope'><\/i>&nbsp;<a href='mailto:tietje@sab-bremen.de'>tietje@sab-bremen.de<\/a><\/p><\/div><\/div><div class='contact-card'><img loading=\"lazy\" decoding=\"async\" width=\"150\" height=\"150\" src=\"https:\/\/sab-bremen.de\/wp-content\/uploads\/2025\/02\/kmenq5dc-16.jpg\" class=\"attachment-thumbnail size-thumbnail\" alt=\"Foto von Christian Viertel\" \/><div class='Mail_Phone'><p><b>Christian Viertel<\/b><br><i class='fal fa-phone-alt'><\/i>&nbsp;<a href='TEL:+49 421-55909-0'>+49 421-55909-0<\/a><br><i class='fal fa-envelope'><\/i>&nbsp;<a href='mailto:viertel@sab-bremen.de'>viertel@sab-bremen.de<\/a><\/p><\/div><\/div><div class='contact-card'><img loading=\"lazy\" decoding=\"async\" width=\"150\" height=\"150\" src=\"https:\/\/sab-bremen.de\/wp-content\/uploads\/2025\/01\/kmenq5dc-15-150x150.jpg\" class=\"attachment-thumbnail size-thumbnail\" alt=\"Foto von Daniel Nagel\" \/><div class='Mail_Phone'><p><b>Daniel Nagel<\/b><br><i class='fal fa-phone-alt'><\/i>&nbsp;<a href='TEL:+49 421-55909-24'>+49 421-55909-24<\/a><br><i class='fal fa-envelope'><\/i>&nbsp;<a href='mailto:nagel@sab-bremen.de'>nagel@sab-bremen.de<\/a><\/p><\/div><\/div><\/div>[vc_raw_html]JTNDZGl2JTIwY2xhc3MlM0QlMjJjb250YWN0LWJ1dHRvbiUyMiUzRSUwQSUyMCUyMCUyMCUyMCUzQ2ElMjBocmVmJTNEJTIyJTIzQW5zcHJlY2hfS29udCUyMiUzRSUzQ2ltZyUyMHNyYyUzRCUyMmh0dHBzJTNBJTJGJTJGc2FiLWJyZW1lbi5wbGlldHNjaC1kZXYuZGUlMkZ3cC1jb250ZW50JTJGdXBsb2FkcyUyRjIwMjUlMkYwMSUyRm1haWwuc3ZnJTIyJTIwc3R5bGUlM0QlMjJib3JkZXItcmFkaXVzJTNBMHB4JTIwJTIxaW1wb3J0YW50JTNCJTIyJTNFJTNDJTJGYSUzRSUwQSUzQyUyRmRpdiUzRQ==[\/vc_raw_html]<\/div><\/div><\/div><\/div><\/div><\/div><\/section><!-- Row Backgrounds --><div class=\"upb_grad\" data-grad=\"background: -webkit-gradient(linear, left top, left bottom, color-stop(0%, #FFFFFF), color-stop(60%, #FFFFFF), color-stop(60%, #ECF6F6), color-stop(100%, #ECF6F6));background: -moz-linear-gradient(top,#FFFFFF 0%,#FFFFFF 60%,#ECF6F6 60%,#ECF6F6 100%);background: -webkit-linear-gradient(top,#FFFFFF 0%,#FFFFFF 60%,#ECF6F6 60%,#ECF6F6 100%);background: -o-linear-gradient(top,#FFFFFF 0%,#FFFFFF 60%,#ECF6F6 60%,#ECF6F6 100%);background: -ms-linear-gradient(top,#FFFFFF 0%,#FFFFFF 60%,#ECF6F6 60%,#ECF6F6 100%);background: linear-gradient(top,#FFFFFF 0%,#FFFFFF 60%,#ECF6F6 60%,#ECF6F6 100%);\" data-bg-override=\"0\" data-upb-overlay-color=\"\" data-upb-bg-animation=\"\" data-fadeout=\"\" data-fadeout-percentage=\"30\" data-parallax-content=\"\" data-parallax-content-sense=\"30\" data-row-effect-mobile-disable=\"true\" data-img-parallax-mobile-disable=\"true\" data-rtl=\"false\"  data-custom-vc-row=\"\"  data-vc=\"8.7.2\"  data-is_old_vc=\"\"  data-theme-support=\"\"   data-overlay=\"false\" data-overlay-color=\"\" data-overlay-pattern=\"\" data-overlay-pattern-opacity=\"\" data-overlay-pattern-size=\"\"    ><\/div>\n\n","protected":false},"excerpt":{"rendered":"HomePagesManifolds SAB\u2019s manifolds are 100% custom made according to the specifications. They can be equipped with any SAB standard or custom made cartridge valve and actuated manually, hydraulically, pneumatically or electronically to suit the functions needed. Monogas and\/or gas mixtures can be filled with the multifunction valve (MFV). Manifolds Multifunction Valve The multifunction valve (MFV)...","protected":false},"author":1,"featured_media":0,"parent":2848,"menu_order":0,"comment_status":"closed","ping_status":"closed","template":"","meta":{"_acf_changed":false,"inline_featured_image":false,"footnotes":""},"class_list":["post-3469","page","type-page","status-publish","hentry"],"acf":[],"yoast_head":"<!-- This site is optimized with the Yoast SEO plugin v27.2 - https:\/\/yoast.com\/product\/yoast-seo-wordpress\/ -->\n<title>Valves | Manifolds<\/title>\n<meta name=\"description\" content=\"SAB\u2019s manifolds are custom made &amp; can be equipped with any SAB standard or custom made cartridge valve.\" \/>\n<meta name=\"robots\" content=\"index, follow, max-snippet:-1, max-image-preview:large, max-video-preview:-1\" \/>\n<link rel=\"canonical\" href=\"https:\/\/sab-bremen.de\/en\/fittings\/distributor\/\" \/>\n<meta property=\"og:locale\" content=\"en_US\" \/>\n<meta property=\"og:type\" content=\"article\" \/>\n<meta property=\"og:title\" content=\"Valves | Manifolds\" \/>\n<meta property=\"og:description\" content=\"SAB\u2019s manifolds are custom made &amp; can be equipped with any SAB standard or custom made cartridge valve.\" \/>\n<meta property=\"og:url\" content=\"https:\/\/sab-bremen.de\/en\/fittings\/distributor\/\" \/>\n<meta property=\"og:site_name\" content=\"SAB-Bremen | Georg Sch\u00fcnemann GmbH\" \/>\n<meta property=\"article:modified_time\" content=\"2026-01-08T14:53:20+00:00\" \/>\n<meta name=\"twitter:card\" content=\"summary_large_image\" \/>\n<meta name=\"twitter:label1\" content=\"Est. reading time\" \/>\n\t<meta name=\"twitter:data1\" content=\"4 minutes\" \/>\n<script type=\"application\/ld+json\" class=\"yoast-schema-graph\">{\"@context\":\"https:\/\/schema.org\",\"@graph\":[{\"@type\":\"WebPage\",\"@id\":\"https:\/\/sab-bremen.de\/en\/fittings\/distributor\/\",\"url\":\"https:\/\/sab-bremen.de\/en\/fittings\/distributor\/\",\"name\":\"Valves | Manifolds\",\"isPartOf\":{\"@id\":\"https:\/\/sab-bremen.de\/#website\"},\"datePublished\":\"2025-01-09T08:55:57+00:00\",\"dateModified\":\"2026-01-08T14:53:20+00:00\",\"description\":\"SAB\u2019s manifolds are custom made & can be equipped with any SAB standard or custom made cartridge valve.\",\"breadcrumb\":{\"@id\":\"https:\/\/sab-bremen.de\/en\/fittings\/distributor\/#breadcrumb\"},\"inLanguage\":\"en-US\",\"potentialAction\":[{\"@type\":\"ReadAction\",\"target\":[\"https:\/\/sab-bremen.de\/en\/fittings\/distributor\/\"]}]},{\"@type\":\"BreadcrumbList\",\"@id\":\"https:\/\/sab-bremen.de\/en\/fittings\/distributor\/#breadcrumb\",\"itemListElement\":[{\"@type\":\"ListItem\",\"position\":1,\"name\":\"Startseite\",\"item\":\"https:\/\/sab-bremen.de\/en\/home-page\/\"},{\"@type\":\"ListItem\",\"position\":2,\"name\":\"Valves\",\"item\":\"https:\/\/sab-bremen.de\/en\/fittings\/\"},{\"@type\":\"ListItem\",\"position\":3,\"name\":\"Mainfolds\"}]},{\"@type\":\"WebSite\",\"@id\":\"https:\/\/sab-bremen.de\/#website\",\"url\":\"https:\/\/sab-bremen.de\/\",\"name\":\"SAB-Bremen | Georg Sch\u00fcnemann GmbH\",\"description\":\"\",\"potentialAction\":[{\"@type\":\"SearchAction\",\"target\":{\"@type\":\"EntryPoint\",\"urlTemplate\":\"https:\/\/sab-bremen.de\/?s={search_term_string}\"},\"query-input\":{\"@type\":\"PropertyValueSpecification\",\"valueRequired\":true,\"valueName\":\"search_term_string\"}}],\"inLanguage\":\"en-US\"}]}<\/script>\n<!-- \/ Yoast SEO plugin. -->","yoast_head_json":{"title":"Valves | Manifolds","description":"SAB\u2019s manifolds are custom made & can be equipped with any SAB standard or custom made cartridge valve.","robots":{"index":"index","follow":"follow","max-snippet":"max-snippet:-1","max-image-preview":"max-image-preview:large","max-video-preview":"max-video-preview:-1"},"canonical":"https:\/\/sab-bremen.de\/en\/fittings\/distributor\/","og_locale":"en_US","og_type":"article","og_title":"Valves | Manifolds","og_description":"SAB\u2019s manifolds are custom made & can be equipped with any SAB standard or custom made cartridge valve.","og_url":"https:\/\/sab-bremen.de\/en\/fittings\/distributor\/","og_site_name":"SAB-Bremen | Georg Sch\u00fcnemann GmbH","article_modified_time":"2026-01-08T14:53:20+00:00","twitter_card":"summary_large_image","twitter_misc":{"Est. reading time":"4 minutes"},"schema":{"@context":"https:\/\/schema.org","@graph":[{"@type":"WebPage","@id":"https:\/\/sab-bremen.de\/en\/fittings\/distributor\/","url":"https:\/\/sab-bremen.de\/en\/fittings\/distributor\/","name":"Valves | Manifolds","isPartOf":{"@id":"https:\/\/sab-bremen.de\/#website"},"datePublished":"2025-01-09T08:55:57+00:00","dateModified":"2026-01-08T14:53:20+00:00","description":"SAB\u2019s manifolds are custom made & can be equipped with any SAB standard or custom made cartridge valve.","breadcrumb":{"@id":"https:\/\/sab-bremen.de\/en\/fittings\/distributor\/#breadcrumb"},"inLanguage":"en-US","potentialAction":[{"@type":"ReadAction","target":["https:\/\/sab-bremen.de\/en\/fittings\/distributor\/"]}]},{"@type":"BreadcrumbList","@id":"https:\/\/sab-bremen.de\/en\/fittings\/distributor\/#breadcrumb","itemListElement":[{"@type":"ListItem","position":1,"name":"Startseite","item":"https:\/\/sab-bremen.de\/en\/home-page\/"},{"@type":"ListItem","position":2,"name":"Valves","item":"https:\/\/sab-bremen.de\/en\/fittings\/"},{"@type":"ListItem","position":3,"name":"Mainfolds"}]},{"@type":"WebSite","@id":"https:\/\/sab-bremen.de\/#website","url":"https:\/\/sab-bremen.de\/","name":"SAB-Bremen | Georg Sch\u00fcnemann GmbH","description":"","potentialAction":[{"@type":"SearchAction","target":{"@type":"EntryPoint","urlTemplate":"https:\/\/sab-bremen.de\/?s={search_term_string}"},"query-input":{"@type":"PropertyValueSpecification","valueRequired":true,"valueName":"search_term_string"}}],"inLanguage":"en-US"}]}},"_links":{"self":[{"href":"https:\/\/sab-bremen.de\/en\/wp-json\/wp\/v2\/pages\/3469","targetHints":{"allow":["GET"]}}],"collection":[{"href":"https:\/\/sab-bremen.de\/en\/wp-json\/wp\/v2\/pages"}],"about":[{"href":"https:\/\/sab-bremen.de\/en\/wp-json\/wp\/v2\/types\/page"}],"author":[{"embeddable":true,"href":"https:\/\/sab-bremen.de\/en\/wp-json\/wp\/v2\/users\/1"}],"replies":[{"embeddable":true,"href":"https:\/\/sab-bremen.de\/en\/wp-json\/wp\/v2\/comments?post=3469"}],"version-history":[{"count":16,"href":"https:\/\/sab-bremen.de\/en\/wp-json\/wp\/v2\/pages\/3469\/revisions"}],"predecessor-version":[{"id":6128,"href":"https:\/\/sab-bremen.de\/en\/wp-json\/wp\/v2\/pages\/3469\/revisions\/6128"}],"up":[{"embeddable":true,"href":"https:\/\/sab-bremen.de\/en\/wp-json\/wp\/v2\/pages\/2848"}],"wp:attachment":[{"href":"https:\/\/sab-bremen.de\/en\/wp-json\/wp\/v2\/media?parent=3469"}],"curies":[{"name":"wp","href":"https:\/\/api.w.org\/{rel}","templated":true}]}}